{"id":55,"date":"2023-01-22T10:53:07","date_gmt":"2023-01-22T10:53:07","guid":{"rendered":"https:\/\/pracowniawk.pl\/?page_id=55"},"modified":"2025-04-17T20:50:12","modified_gmt":"2025-04-17T20:50:12","slug":"wnetrza","status":"publish","type":"page","link":"https:\/\/pracowniawk.pl\/","title":{"rendered":"WN\u0118TRZA"},"content":{"rendered":"<p>[et_pb_section fb_built=&#8221;1&#8243; _builder_version=&#8221;4.27.0&#8243; _module_preset=&#8221;default&#8221; background_color=&#8221;#cfcbc7&#8243; custom_padding=&#8221;4px|||||&#8221; global_colors_info=&#8221;{}&#8221;][et_pb_row column_structure=&#8221;1_3,1_3,1_3&#8243; use_custom_gutter=&#8221;on&#8221; gutter_width=&#8221;1&#8243; make_equal=&#8221;on&#8221; _builder_version=&#8221;4.27.0&#8243; _module_preset=&#8221;default&#8221; width=&#8221;90%&#8221; max_width=&#8221;1400px&#8221; global_colors_info=&#8221;{}&#8221;][et_pb_column type=&#8221;1_3&#8243; _builder_version=&#8221;4.27.0&#8243; _module_preset=&#8221;default&#8221; global_colors_info=&#8221;{}&#8221;][et_pb_blurb title=&#8221;MIESZKANIE GDYNIA&#8221; url=&#8221;@ET-DC@eyJkeW5hbWljIjp0cnVlLCJjb250ZW50IjoicG9zdF9saW5rX3VybF9wYWdlIiwic2V0dGluZ3MiOnsicG9zdF9pZCI6IjIzNTE3MiJ9fQ==@&#8221; image=&#8221;https:\/\/pracowniawk.pl\/wp-content\/uploads\/2025\/04\/MG_6288_VSCO-scaled-e1744892794974.jpg&#8221; module_class=&#8221;myblurb_hover&#8221; _builder_version=&#8221;4.27.0&#8243; _dynamic_attributes=&#8221;url&#8221; _module_preset=&#8221;default&#8221; header_font=&#8221;|||on|||||&#8221; header_text_color=&#8221;#000000&#8243; header_font_size=&#8221;14px&#8221; body_font=&#8221;|||on|||||&#8221; body_text_color=&#8221;#000000&#8243; border_width_all=&#8221;3px&#8221; border_color_all=&#8221;#cfcbc7&#8243; global_colors_info=&#8221;{}&#8221;]<\/p>\n<p>2024<\/p>\n<p>[\/et_pb_blurb][et_pb_blurb title=&#8221;Kuchnia Japandi&#8221; url=&#8221;@ET-DC@eyJkeW5hbWljIjp0cnVlLCJjb250ZW50IjoicG9zdF9saW5rX3VybF9wYWdlIiwic2V0dGluZ3MiOnsicG9zdF9pZCI6IjIzNDg2MyJ9fQ==@&#8221; image=&#8221;https:\/\/pracowniawk.pl\/wp-content\/uploads\/2025\/04\/Kuchnia-Japandi-4-\u2014-kopia.jpg&#8221; module_class=&#8221;myblurb_hover&#8221; _builder_version=&#8221;4.27.0&#8243; _dynamic_attributes=&#8221;url&#8221; _module_preset=&#8221;default&#8221; header_font=&#8221;|||on|||||&#8221; header_text_color=&#8221;#000000&#8243; header_font_size=&#8221;14px&#8221; body_font=&#8221;|||on|||||&#8221; body_text_color=&#8221;#000000&#8243; border_width_all=&#8221;3px&#8221; border_color_all=&#8221;#cfcbc7&#8243; locked=&#8221;off&#8221; global_colors_info=&#8221;{}&#8221;]<\/p>\n<p>Grudzie\u0144 2022<\/p>\n<p>[\/et_pb_blurb][et_pb_blurb title=&#8221;Sypialnia z\u00a0mi\u0119t\u0105 Ko\u015bcierzyna&#8221; url=&#8221;@ET-DC@eyJkeW5hbWljIjp0cnVlLCJjb250ZW50IjoicG9zdF9saW5rX3VybF9wYWdlIiwic2V0dGluZ3MiOnsicG9zdF9pZCI6IjIzNDkyMSJ9fQ==@&#8221; image=&#8221;https:\/\/pracowniawk.pl\/wp-content\/uploads\/2023\/01\/4.-Sypialnia-z-mieta-Koscierzyna-Pazdziernik-2022.jpg&#8221; module_class=&#8221;myblurb_hover&#8221; _builder_version=&#8221;4.19.4&#8243; _dynamic_attributes=&#8221;url&#8221; _module_preset=&#8221;default&#8221; header_font=&#8221;|||on|||||&#8221; header_text_color=&#8221;#000000&#8243; header_font_size=&#8221;14px&#8221; body_font=&#8221;|||on|||||&#8221; body_text_color=&#8221;#000000&#8243; border_width_all=&#8221;3px&#8221; border_color_all=&#8221;#cfcbc7&#8243; global_colors_info=&#8221;{}&#8221;]<\/p>\n<p>Pa\u017adziernik 2022<\/p>\n<p>[\/et_pb_blurb][et_pb_blurb title=&#8221;Monochromatyczna \u0142azienka Ko\u015bcierzyna&#8221; url=&#8221;@ET-DC@eyJkeW5hbWljIjp0cnVlLCJjb250ZW50IjoicG9zdF9saW5rX3VybF9wYWdlIiwic2V0dGluZ3MiOnsicG9zdF9pZCI6IjIzNDkzOSJ9fQ==@&#8221; image=&#8221;https:\/\/pracowniawk.pl\/wp-content\/uploads\/2023\/01\/10.-Monochromatyczna-lazienka-Koscierzyna-Pazdziernik-2022.jpg&#8221; module_class=&#8221;myblurb_hover&#8221; _builder_version=&#8221;4.19.4&#8243; _dynamic_attributes=&#8221;url&#8221; _module_preset=&#8221;default&#8221; header_font=&#8221;|||on|||||&#8221; header_text_color=&#8221;#000000&#8243; header_font_size=&#8221;14px&#8221; body_font=&#8221;|||on|||||&#8221; body_text_color=&#8221;#000000&#8243; border_width_all=&#8221;3px&#8221; border_color_all=&#8221;#cfcbc7&#8243; global_colors_info=&#8221;{}&#8221;]<\/p>\n<p>Pa\u017adziernik 2022<\/p>\n<p>[\/et_pb_blurb][et_pb_blurb title=&#8221;Kuchnia Ko\u015bcierzyna&#8221; url=&#8221;@ET-DC@eyJkeW5hbWljIjp0cnVlLCJjb250ZW50IjoicG9zdF9saW5rX3VybF9wYWdlIiwic2V0dGluZ3MiOnsicG9zdF9pZCI6IjIzNDk0MiJ9fQ==@&#8221; image=&#8221;https:\/\/pracowniawk.pl\/wp-content\/uploads\/2023\/01\/11.-Kuchnia-Koscierzyna-Grudzien-2020-scaled.jpg&#8221; module_class=&#8221;myblurb_hover&#8221; _builder_version=&#8221;4.27.0&#8243; _dynamic_attributes=&#8221;url&#8221; _module_preset=&#8221;default&#8221; header_font=&#8221;|||on|||||&#8221; header_text_color=&#8221;#000000&#8243; header_font_size=&#8221;14px&#8221; body_font=&#8221;|||on|||||&#8221; body_text_color=&#8221;#000000&#8243; border_width_all=&#8221;3px&#8221; border_color_all=&#8221;#cfcbc7&#8243; global_colors_info=&#8221;{}&#8221;]<\/p>\n<p>Grudzie\u0144 2020<\/p>\n<p>[\/et_pb_blurb][\/et_pb_column][et_pb_column type=&#8221;1_3&#8243; _builder_version=&#8221;4.19.4&#8243; _module_preset=&#8221;default&#8221; global_colors_info=&#8221;{}&#8221;][et_pb_blurb title=&#8221;BAR BISTRO KO\u015aCIERZYNA&#8221; url=&#8221;@ET-DC@eyJkeW5hbWljIjp0cnVlLCJjb250ZW50IjoicG9zdF9saW5rX3VybF9wYWdlIiwic2V0dGluZ3MiOnsicG9zdF9pZCI6IjIzNTIyMCJ9fQ==@&#8221; image=&#8221;https:\/\/pracowniawk.pl\/wp-content\/uploads\/2025\/04\/MG_5646-\u2014-kopia-scaled.jpg&#8221; module_class=&#8221;myblurb_hover&#8221; _builder_version=&#8221;4.27.0&#8243; _dynamic_attributes=&#8221;url&#8221; _module_preset=&#8221;default&#8221; header_font=&#8221;|||on|||||&#8221; header_text_color=&#8221;#000000&#8243; header_font_size=&#8221;14px&#8221; body_font=&#8221;|||on|||||&#8221; body_text_color=&#8221;#000000&#8243; border_width_all=&#8221;3px&#8221; border_color_all=&#8221;#cfcbc7&#8243; global_colors_info=&#8221;{}&#8221;]<\/p>\n<p>2022<\/p>\n<p>[\/et_pb_blurb][et_pb_blurb title=&#8221;KUCHNIA GDA\u0143SK NIEPO\u0141OMICKA&#8221; url=&#8221;@ET-DC@eyJkeW5hbWljIjp0cnVlLCJjb250ZW50IjoicG9zdF9saW5rX3VybF9wYWdlIiwic2V0dGluZ3MiOnsicG9zdF9pZCI6IjIzNTE4NCJ9fQ==@&#8221; image=&#8221;https:\/\/pracowniawk.pl\/wp-content\/uploads\/2025\/04\/IMG_8004_VSCO-\u2014-kopia-scaled.jpg&#8221; module_class=&#8221;myblurb_hover&#8221; _builder_version=&#8221;4.27.0&#8243; _dynamic_attributes=&#8221;url&#8221; _module_preset=&#8221;default&#8221; header_font=&#8221;|||on|||||&#8221; header_text_color=&#8221;#000000&#8243; header_font_size=&#8221;14px&#8221; body_font=&#8221;|||on|||||&#8221; body_text_color=&#8221;#000000&#8243; border_width_all=&#8221;3px&#8221; border_color_all=&#8221;#cfcbc7&#8243; global_colors_info=&#8221;{}&#8221;]<\/p>\n<p>2024<\/p>\n<p>[\/et_pb_blurb][et_pb_blurb title=&#8221;Sypialnia z\u00a0b\u0142\u0119kitnymi akcentami Gdynia&#8221; url=&#8221;@ET-DC@eyJkeW5hbWljIjp0cnVlLCJjb250ZW50IjoicG9zdF9saW5rX3VybF9wYWdlIiwic2V0dGluZ3MiOnsicG9zdF9pZCI6IjIzNDkxNSJ9fQ==@&#8221; image=&#8221;https:\/\/pracowniawk.pl\/wp-content\/uploads\/2023\/01\/2.-Sypialnia-z-blekitnymi-akcentami-Gdynia-Maj-2022.jpg&#8221; module_class=&#8221;myblurb_hover&#8221; _builder_version=&#8221;4.27.0&#8243; _dynamic_attributes=&#8221;url&#8221; _module_preset=&#8221;default&#8221; header_font=&#8221;|||on|||||&#8221; header_text_color=&#8221;#000000&#8243; header_font_size=&#8221;14px&#8221; body_font=&#8221;|||on|||||&#8221; body_text_color=&#8221;#000000&#8243; border_width_all=&#8221;3px&#8221; border_color_all=&#8221;#cfcbc7&#8243; global_colors_info=&#8221;{}&#8221;]<\/p>\n<p>Maj 2022<\/p>\n<p>[\/et_pb_blurb][et_pb_blurb title=&#8221;Poczekalnia w\u00a0domowym biurze Wielki Klincz&#8221; url=&#8221;@ET-DC@eyJkeW5hbWljIjp0cnVlLCJjb250ZW50IjoicG9zdF9saW5rX3VybF9wYWdlIiwic2V0dGluZ3MiOnsicG9zdF9pZCI6IjIzNDkyNCJ9fQ==@&#8221; image=&#8221;https:\/\/pracowniawk.pl\/wp-content\/uploads\/2023\/01\/5.-Poczekalnia-w-domowym-biurze-Wielki-Klincz-Pazdziernik-2022.jpg&#8221; module_class=&#8221;myblurb_hover&#8221; _builder_version=&#8221;4.19.4&#8243; _dynamic_attributes=&#8221;url&#8221; _module_preset=&#8221;default&#8221; header_font=&#8221;|||on|||||&#8221; header_text_color=&#8221;#000000&#8243; header_font_size=&#8221;14px&#8221; body_font=&#8221;|||on|||||&#8221; body_text_color=&#8221;#000000&#8243; border_width_all=&#8221;3px&#8221; border_color_all=&#8221;#cfcbc7&#8243; global_colors_info=&#8221;{}&#8221;]<\/p>\n<p>Pa\u017adziernik 2022<\/p>\n<p>[\/et_pb_blurb][et_pb_blurb title=&#8221;Kuchnia z\u00a0lamelami Ko\u015bcierzyna&#8221; url=&#8221;@ET-DC@eyJkeW5hbWljIjp0cnVlLCJjb250ZW50IjoicG9zdF9saW5rX3VybF9wYWdlIiwic2V0dGluZ3MiOnsicG9zdF9pZCI6IjIzNDkzMyJ9fQ==@&#8221; image=&#8221;https:\/\/pracowniawk.pl\/wp-content\/uploads\/2023\/01\/8.-Kuchnia-z-lamelami-Koscierzyna-Grudzien-2021-scaled.jpg&#8221; module_class=&#8221;myblurb_hover&#8221; _builder_version=&#8221;4.19.4&#8243; _dynamic_attributes=&#8221;url&#8221; _module_preset=&#8221;default&#8221; header_font=&#8221;|||on|||||&#8221; header_text_color=&#8221;#000000&#8243; header_font_size=&#8221;14px&#8221; body_font=&#8221;|||on|||||&#8221; body_text_color=&#8221;#000000&#8243; border_width_all=&#8221;3px&#8221; border_color_all=&#8221;#cfcbc7&#8243; global_colors_info=&#8221;{}&#8221;]<\/p>\n<p>Grudzie\u0144 2021<\/p>\n<p>[\/et_pb_blurb][\/et_pb_column][et_pb_column type=&#8221;1_3&#8243; _builder_version=&#8221;4.19.4&#8243; _module_preset=&#8221;default&#8221; global_colors_info=&#8221;{}&#8221;][et_pb_blurb title=&#8221;\u0141AZIENKA GDA\u0143SK NIEPO\u0141OMICKA&#8221; url=&#8221;@ET-DC@eyJkeW5hbWljIjp0cnVlLCJjb250ZW50IjoicG9zdF9saW5rX3VybF9wYWdlIiwic2V0dGluZ3MiOnsicG9zdF9pZCI6IjIzNTIwOCJ9fQ==@&#8221; image=&#8221;https:\/\/pracowniawk.pl\/wp-content\/uploads\/2025\/04\/MG_6122-\u2014-kopia-scaled.jpeg&#8221; module_class=&#8221;myblurb_hover&#8221; _builder_version=&#8221;4.27.0&#8243; _dynamic_attributes=&#8221;url&#8221; _module_preset=&#8221;default&#8221; header_font=&#8221;|||on|||||&#8221; header_text_color=&#8221;#000000&#8243; header_font_size=&#8221;14px&#8221; body_font=&#8221;|||on|||||&#8221; body_text_color=&#8221;#000000&#8243; border_width_all=&#8221;3px&#8221; border_color_all=&#8221;#cfcbc7&#8243; global_colors_info=&#8221;{}&#8221;]<\/p>\n<p>2024<\/p>\n<p>[\/et_pb_blurb][et_pb_blurb title=&#8221;Kuchnia ze\u00a0skosami&#8221; url=&#8221;@ET-DC@eyJkeW5hbWljIjp0cnVlLCJjb250ZW50IjoicG9zdF9saW5rX3VybF9wYWdlIiwic2V0dGluZ3MiOnsicG9zdF9pZCI6IjIzNDkxOCJ9fQ==@&#8221; image=&#8221;https:\/\/pracowniawk.pl\/wp-content\/uploads\/2023\/01\/3.-Kuchnia-ze-skosami-Marzec-2022.jpg&#8221; module_class=&#8221;myblurb_hover&#8221; _builder_version=&#8221;4.19.4&#8243; _dynamic_attributes=&#8221;url&#8221; _module_preset=&#8221;default&#8221; header_font=&#8221;|||on|||||&#8221; header_text_color=&#8221;#000000&#8243; header_font_size=&#8221;14px&#8221; body_font=&#8221;|||on|||||&#8221; body_text_color=&#8221;#000000&#8243; border_width_all=&#8221;3px&#8221; border_color_all=&#8221;#cfcbc7&#8243; global_colors_info=&#8221;{}&#8221;]<\/p>\n<p>Marzec 2022<\/p>\n<p>[\/et_pb_blurb][et_pb_blurb title=&#8221;Salon 1000-lecia Ko\u015bcierzyna&#8221; url=&#8221;@ET-DC@eyJkeW5hbWljIjp0cnVlLCJjb250ZW50IjoicG9zdF9saW5rX3VybF9wYWdlIiwic2V0dGluZ3MiOnsicG9zdF9pZCI6IjIzNDkyNyJ9fQ==@&#8221; image=&#8221;https:\/\/pracowniawk.pl\/wp-content\/uploads\/2023\/01\/6.-Salon-1000-lecia-Koscierzyna-Pazdziernik-2022.jpg&#8221; module_class=&#8221;myblurb_hover&#8221; _builder_version=&#8221;4.19.4&#8243; _dynamic_attributes=&#8221;url&#8221; _module_preset=&#8221;default&#8221; header_font=&#8221;|||on|||||&#8221; header_text_color=&#8221;#000000&#8243; header_font_size=&#8221;14px&#8221; body_font=&#8221;|||on|||||&#8221; body_text_color=&#8221;#000000&#8243; border_width_all=&#8221;3px&#8221; border_color_all=&#8221;#cfcbc7&#8243; global_colors_info=&#8221;{}&#8221;]<\/p>\n<p>Pa\u017adziernik 2022<\/p>\n<p>[\/et_pb_blurb][et_pb_blurb title=&#8221;Kuchnia w\u00a0bielach \u0141ubiana&#8221; url=&#8221;@ET-DC@eyJkeW5hbWljIjp0cnVlLCJjb250ZW50IjoicG9zdF9saW5rX3VybF9wYWdlIiwic2V0dGluZ3MiOnsicG9zdF9pZCI6IjIzNDkzNiJ9fQ==@&#8221; image=&#8221;https:\/\/pracowniawk.pl\/wp-content\/uploads\/2023\/01\/9.-Kuchnia-w-bielach-Lubiana-Styczen-2022.jpg&#8221; module_class=&#8221;myblurb_hover&#8221; _builder_version=&#8221;4.19.4&#8243; _dynamic_attributes=&#8221;url&#8221; _module_preset=&#8221;default&#8221; header_font=&#8221;|||on|||||&#8221; header_text_color=&#8221;#000000&#8243; header_font_size=&#8221;14px&#8221; body_font=&#8221;|||on|||||&#8221; body_text_color=&#8221;#000000&#8243; border_width_all=&#8221;3px&#8221; border_color_all=&#8221;#cfcbc7&#8243; global_colors_info=&#8221;{}&#8221;]<\/p>\n<p>Stycze\u0144 2022<\/p>\n<p>[\/et_pb_blurb][et_pb_blurb title=&#8221;Pok\u00f3j go\u015bcinny- biuro Ko\u015bcierzyna&#8221; url=&#8221;@ET-DC@eyJkeW5hbWljIjp0cnVlLCJjb250ZW50IjoicG9zdF9saW5rX3VybF9wYWdlIiwic2V0dGluZ3MiOnsicG9zdF9pZCI6IjIzNDkzMCJ9fQ==@&#8221; image=&#8221;https:\/\/pracowniawk.pl\/wp-content\/uploads\/2023\/01\/7.-Pokoj-goscinny-biuro-Koscierzyna-Pazdziernik-2022.jpg&#8221; module_class=&#8221;myblurb_hover&#8221; _builder_version=&#8221;4.27.0&#8243; _dynamic_attributes=&#8221;url&#8221; _module_preset=&#8221;default&#8221; header_font=&#8221;|||on|||||&#8221; header_text_color=&#8221;#000000&#8243; header_font_size=&#8221;14px&#8221; body_font=&#8221;|||on|||||&#8221; body_text_color=&#8221;#000000&#8243; border_width_all=&#8221;3px&#8221; border_color_all=&#8221;#cfcbc7&#8243; global_colors_info=&#8221;{}&#8221;]<\/p>\n<p>Pa\u017adziernik 2022<\/p>\n<p>[\/et_pb_blurb][\/et_pb_column][\/et_pb_row][\/et_pb_section]<\/p>\n","protected":false},"excerpt":{"rendered":"<p>2024Grudzie\u0144 2022Pa\u017adziernik 2022Pa\u017adziernik 2022Grudzie\u0144 202020222024Maj 2022Pa\u017adziernik 2022Grudzie\u0144 20212024Marzec 2022Pa\u017adziernik 2022Stycze\u0144 2022Pa\u017adziernik 2022<\/p>\n","protected":false},"author":1,"featured_media":0,"parent":0,"menu_order":0,"comment_status":"closed","ping_status":"closed","template":"","meta":{"_et_pb_use_builder":"on","_et_pb_old_content":"","_et_gb_content_width":"","footnotes":""},"class_list":["post-55","page","type-page","status-publish","hentry"],"_links":{"self":[{"href":"https:\/\/pracowniawk.pl\/index.php?rest_route=\/wp\/v2\/pages\/55","targetHints":{"allow":["GET"]}}],"collection":[{"href":"https:\/\/pracowniawk.pl\/index.php?rest_route=\/wp\/v2\/pages"}],"about":[{"href":"https:\/\/pracowniawk.pl\/index.php?rest_route=\/wp\/v2\/types\/page"}],"author":[{"embeddable":true,"href":"https:\/\/pracowniawk.pl\/index.php?rest_route=\/wp\/v2\/users\/1"}],"replies":[{"embeddable":true,"href":"https:\/\/pracowniawk.pl\/index.php?rest_route=%2Fwp%2Fv2%2Fcomments&post=55"}],"version-history":[{"count":38,"href":"https:\/\/pracowniawk.pl\/index.php?rest_route=\/wp\/v2\/pages\/55\/revisions"}],"predecessor-version":[{"id":235229,"href":"https:\/\/pracowniawk.pl\/index.php?rest_route=\/wp\/v2\/pages\/55\/revisions\/235229"}],"wp:attachment":[{"href":"https:\/\/pracowniawk.pl\/index.php?rest_route=%2Fwp%2Fv2%2Fmedia&parent=55"}],"curies":[{"name":"wp","href":"https:\/\/api.w.org\/{rel}","templated":true}]}}